{"id":298,"date":"2023-06-26T16:32:01","date_gmt":"2023-06-26T13:32:01","guid":{"rendered":"https:\/\/mrrottos.com\/?page_id=298"},"modified":"2023-06-26T17:14:37","modified_gmt":"2023-06-26T14:14:37","slug":"urunler","status":"publish","type":"page","link":"https:\/\/mrrottos.com\/?page_id=298","title":{"rendered":"AH\u015eAP TEM\u0130ZLEY\u0130C\u0130"},"content":{"rendered":"\n<div class=\"row align-center\"  id=\"row-2098283817\">\n\n\n\t<div class=\"col medium-8 small-12 large-8\"  >\n\t\t<div class=\"col-inner\"  >\n\t\t\t\n\t\t\t\n\n<div class=\"container section-title-container\" ><h3 class=\"section-title section-title-bold-center\"><b><\/b><span class=\"section-title-main\" style=\"color:rgb(25, 76, 163);\"><i class=\"icon-angle-down\" ><\/i>AH\u015eAP TEM\u0130ZLEY\u0130C\u0130<\/span><b><\/b><\/h3><\/div>\n\n\n\t\t<\/div>\n\t<\/div>\n\n\t\n\n\t<div class=\"col medium-6 small-12 large-6\"  >\n\t\t<div class=\"col-inner text-center\"  >\n\t\t\t\n\t\t\t\n\n\t<div class=\"img has-hover x md-x lg-x y md-y lg-y\" id=\"image_2121619915\">\n\t\t\t\t\t\t\t\t<div class=\"img-inner dark\" >\n\t\t\t<img loading=\"lazy\" decoding=\"async\" width=\"800\" height=\"800\" src=\"https:\/\/mrrottos.com\/wp-content\/uploads\/2023\/06\/AHSAP-5-LT-800x800.jpg\" class=\"attachment-large size-large\" alt=\"\" srcset=\"https:\/\/mrrottos.com\/wp-content\/uploads\/2023\/06\/AHSAP-5-LT-800x800.jpg 800w, https:\/\/mrrottos.com\/wp-content\/uploads\/2023\/06\/AHSAP-5-LT-400x400.jpg 400w, https:\/\/mrrottos.com\/wp-content\/uploads\/2023\/06\/AHSAP-5-LT-280x280.jpg 280w, https:\/\/mrrottos.com\/wp-content\/uploads\/2023\/06\/AHSAP-5-LT-768x768.jpg 768w, https:\/\/mrrottos.com\/wp-content\/uploads\/2023\/06\/AHSAP-5-LT.jpg 1164w\" sizes=\"auto, (max-width: 800px) 100vw, 800px\" \/>\t\t\t\t\t\t\n\t\t\t\t\t<\/div>\n\t\t\t\t\t\t\t\t\n<style scope=\"scope\">\n\n#image_2121619915 {\n  width: 100%;\n}\n<\/style>\n\t<\/div>\n\t\n\n<a class=\"button primary\"  >\n    <span>5 L\u0130TRE<\/span>\n  <\/a>\n\n\n\n\t\t<\/div>\n\t<\/div>\n\n\t\n\n\t<div class=\"col small-12 large-12\"  >\n\t\t<div class=\"col-inner\"  >\n\t\t\t\n\t\t\t\n\n<h4 style=\"text-align: center;\"><br \/>Ah\u015fap Y\u00fczey Temizleyici gelistirilmis \u00f6zel form\u00fcl\u00fc ile ahsap y\u00fczeyleri \u00e7izmeden temizler, iz b\u0131rakmaz ve uzun s\u00fcre kal\u0131c\u0131 parlakl\u0131k sa\u011flar. Kal\u0131c\u0131 parf\u00fcm\u00fc ile uzun s\u00fcre ortamda ferahl\u0131k sa\u011flar. 5 Litre su i\u00e7erisine 50-75 ml ilave ederek kullan\u0131n\u0131z durulama yapmay\u0131n\u0131z.<\/h4>\n\n\t\t<\/div>\n\t<\/div>\n\n\t\n\n\n<style scope=\"scope\">\n\n<\/style>\n<\/div>\n\n","protected":false},"excerpt":{"rendered":"","protected":false},"author":1,"featured_media":0,"parent":0,"menu_order":0,"comment_status":"closed","ping_status":"closed","template":"","meta":{"footnotes":""},"class_list":["post-298","page","type-page","status-publish","hentry"],"_links":{"self":[{"href":"https:\/\/mrrottos.com\/index.php?rest_route=\/wp\/v2\/pages\/298","targetHints":{"allow":["GET"]}}],"collection":[{"href":"https:\/\/mrrottos.com\/index.php?rest_route=\/wp\/v2\/pages"}],"about":[{"href":"https:\/\/mrrottos.com\/index.php?rest_route=\/wp\/v2\/types\/page"}],"author":[{"embeddable":true,"href":"https:\/\/mrrottos.com\/index.php?rest_route=\/wp\/v2\/users\/1"}],"replies":[{"embeddable":true,"href":"https:\/\/mrrottos.com\/index.php?rest_route=%2Fwp%2Fv2%2Fcomments&post=298"}],"version-history":[{"count":10,"href":"https:\/\/mrrottos.com\/index.php?rest_route=\/wp\/v2\/pages\/298\/revisions"}],"predecessor-version":[{"id":346,"href":"https:\/\/mrrottos.com\/index.php?rest_route=\/wp\/v2\/pages\/298\/revisions\/346"}],"wp:attachment":[{"href":"https:\/\/mrrottos.com\/index.php?rest_route=%2Fwp%2Fv2%2Fmedia&parent=298"}],"curies":[{"name":"wp","href":"https:\/\/api.w.org\/{rel}","templated":true}]}}