{"id":353,"date":"2023-06-26T17:22:20","date_gmt":"2023-06-26T14:22:20","guid":{"rendered":"https:\/\/mrrottos.com\/?page_id=353"},"modified":"2023-06-26T17:47:18","modified_gmt":"2023-06-26T14:47:18","slug":"cam-temizlik","status":"publish","type":"page","link":"https:\/\/mrrottos.com\/?page_id=353","title":{"rendered":"CAM TEM\u0130ZL\u0130K"},"content":{"rendered":"\n<div class=\"row align-center\"  id=\"row-1701844945\">\n\n\n\t<div class=\"col medium-8 small-12 large-8\"  >\n\t\t<div class=\"col-inner\"  >\n\t\t\t\n\t\t\t\n\n<div class=\"container section-title-container\" ><h3 class=\"section-title section-title-bold-center\"><b><\/b><span class=\"section-title-main\" style=\"color:rgb(25, 76, 163);\"><i class=\"icon-angle-down\" ><\/i>CAM TEM\u0130ZL\u0130K<\/span><b><\/b><\/h3><\/div>\n\n\n\t\t<\/div>\n\t<\/div>\n\n\t\n\n\t<div class=\"col medium-6 small-12 large-6\"  >\n\t\t<div class=\"col-inner text-center\"  >\n\t\t\t\n\t\t\t\n\n\t<div class=\"img has-hover x md-x lg-x y md-y lg-y\" id=\"image_1775793849\">\n\t\t\t\t\t\t\t\t<div class=\"img-inner dark\" >\n\t\t\t<img loading=\"lazy\" decoding=\"async\" width=\"800\" height=\"800\" src=\"https:\/\/mrrottos.com\/wp-content\/uploads\/2023\/06\/CAM-SIL-500-800x800.jpg\" class=\"attachment-large size-large\" alt=\"\" srcset=\"https:\/\/mrrottos.com\/wp-content\/uploads\/2023\/06\/CAM-SIL-500-800x800.jpg 800w, https:\/\/mrrottos.com\/wp-content\/uploads\/2023\/06\/CAM-SIL-500-400x400.jpg 400w, https:\/\/mrrottos.com\/wp-content\/uploads\/2023\/06\/CAM-SIL-500-280x280.jpg 280w, https:\/\/mrrottos.com\/wp-content\/uploads\/2023\/06\/CAM-SIL-500-768x768.jpg 768w, https:\/\/mrrottos.com\/wp-content\/uploads\/2023\/06\/CAM-SIL-500-1536x1536.jpg 1536w, https:\/\/mrrottos.com\/wp-content\/uploads\/2023\/06\/CAM-SIL-500.jpg 1602w\" sizes=\"auto, (max-width: 800px) 100vw, 800px\" \/>\t\t\t\t\t\t\n\t\t\t\t\t<\/div>\n\t\t\t\t\t\t\t\t\n<style scope=\"scope\">\n\n#image_1775793849 {\n  width: 100%;\n}\n<\/style>\n\t<\/div>\n\t\n\n<a class=\"button primary\"  >\n    <span>CAM S\u0130L 500 ML<\/span>\n  <\/a>\n\n\n\n\t\t<\/div>\n\t<\/div>\n\n\t\n\n\t<div class=\"col medium-6 small-12 large-6\"  >\n\t\t<div class=\"col-inner text-center\"  >\n\t\t\t\n\t\t\t\n\n\t<div class=\"img has-hover x md-x lg-x y md-y lg-y\" id=\"image_1431007631\">\n\t\t\t\t\t\t\t\t<div class=\"img-inner dark\" >\n\t\t\t<img loading=\"lazy\" decoding=\"async\" width=\"800\" height=\"800\" src=\"https:\/\/mrrottos.com\/wp-content\/uploads\/2023\/06\/MR-ROTTOS-750-ML-SILIKONLU-TEMIZLEYICI-800x800.jpg\" class=\"attachment-large size-large\" alt=\"\" srcset=\"https:\/\/mrrottos.com\/wp-content\/uploads\/2023\/06\/MR-ROTTOS-750-ML-SILIKONLU-TEMIZLEYICI-800x800.jpg 800w, https:\/\/mrrottos.com\/wp-content\/uploads\/2023\/06\/MR-ROTTOS-750-ML-SILIKONLU-TEMIZLEYICI-400x400.jpg 400w, https:\/\/mrrottos.com\/wp-content\/uploads\/2023\/06\/MR-ROTTOS-750-ML-SILIKONLU-TEMIZLEYICI-280x280.jpg 280w, https:\/\/mrrottos.com\/wp-content\/uploads\/2023\/06\/MR-ROTTOS-750-ML-SILIKONLU-TEMIZLEYICI-768x768.jpg 768w, https:\/\/mrrottos.com\/wp-content\/uploads\/2023\/06\/MR-ROTTOS-750-ML-SILIKONLU-TEMIZLEYICI-1536x1536.jpg 1536w, https:\/\/mrrottos.com\/wp-content\/uploads\/2023\/06\/MR-ROTTOS-750-ML-SILIKONLU-TEMIZLEYICI.jpg 1600w\" sizes=\"auto, (max-width: 800px) 100vw, 800px\" \/>\t\t\t\t\t\t\n\t\t\t\t\t<\/div>\n\t\t\t\t\t\t\t\t\n<style scope=\"scope\">\n\n#image_1431007631 {\n  width: 100%;\n}\n<\/style>\n\t<\/div>\n\t\n\n<a class=\"button primary\"  >\n    <span>S\u0130L\u0130KONLU CAM TEM\u0130ZLEME 750 ML<\/span>\n  <\/a>\n\n\n\n\t\t<\/div>\n\t<\/div>\n\n\t\n\n\t<div class=\"col medium-6 small-12 large-6\"  >\n\t\t<div class=\"col-inner text-center\"  >\n\t\t\t\n\t\t\t\n\n\t<div class=\"img has-hover x md-x lg-x y md-y lg-y\" id=\"image_576620849\">\n\t\t\t\t\t\t\t\t<div class=\"img-inner dark\" >\n\t\t\t<img loading=\"lazy\" decoding=\"async\" width=\"800\" height=\"800\" src=\"https:\/\/mrrottos.com\/wp-content\/uploads\/2023\/06\/SIRKELI-CAM-TEMIZLEME-750-sari-800x800.jpg\" class=\"attachment-large size-large\" alt=\"\" srcset=\"https:\/\/mrrottos.com\/wp-content\/uploads\/2023\/06\/SIRKELI-CAM-TEMIZLEME-750-sari-800x800.jpg 800w, https:\/\/mrrottos.com\/wp-content\/uploads\/2023\/06\/SIRKELI-CAM-TEMIZLEME-750-sari-400x400.jpg 400w, https:\/\/mrrottos.com\/wp-content\/uploads\/2023\/06\/SIRKELI-CAM-TEMIZLEME-750-sari-280x280.jpg 280w, https:\/\/mrrottos.com\/wp-content\/uploads\/2023\/06\/SIRKELI-CAM-TEMIZLEME-750-sari-768x768.jpg 768w, https:\/\/mrrottos.com\/wp-content\/uploads\/2023\/06\/SIRKELI-CAM-TEMIZLEME-750-sari-1536x1536.jpg 1536w, https:\/\/mrrottos.com\/wp-content\/uploads\/2023\/06\/SIRKELI-CAM-TEMIZLEME-750-sari.jpg 1600w\" sizes=\"auto, (max-width: 800px) 100vw, 800px\" \/>\t\t\t\t\t\t\n\t\t\t\t\t<\/div>\n\t\t\t\t\t\t\t\t\n<style scope=\"scope\">\n\n#image_576620849 {\n  width: 100%;\n}\n<\/style>\n\t<\/div>\n\t\n\n<a class=\"button primary\"  >\n    <span>S\u0130RKEL\u0130 CAM TEM\u0130ZLEME  750 ML<\/span>\n  <\/a>\n\n\n\n\t\t<\/div>\n\t<\/div>\n\n\t\n\n\t<div class=\"col medium-6 small-12 large-6\"  >\n\t\t<div class=\"col-inner text-center\"  >\n\t\t\t\n\t\t\t\n\n\t<div class=\"img has-hover x md-x lg-x y md-y lg-y\" id=\"image_291496821\">\n\t\t\t\t\t\t\t\t<div class=\"img-inner dark\" >\n\t\t\t<img loading=\"lazy\" decoding=\"async\" width=\"800\" height=\"800\" src=\"https:\/\/mrrottos.com\/wp-content\/uploads\/2023\/06\/SIRKELI-CAM-TEMIZLEME-750-800x800.jpg\" class=\"attachment-large size-large\" alt=\"\" srcset=\"https:\/\/mrrottos.com\/wp-content\/uploads\/2023\/06\/SIRKELI-CAM-TEMIZLEME-750-800x800.jpg 800w, https:\/\/mrrottos.com\/wp-content\/uploads\/2023\/06\/SIRKELI-CAM-TEMIZLEME-750-400x400.jpg 400w, https:\/\/mrrottos.com\/wp-content\/uploads\/2023\/06\/SIRKELI-CAM-TEMIZLEME-750-280x280.jpg 280w, https:\/\/mrrottos.com\/wp-content\/uploads\/2023\/06\/SIRKELI-CAM-TEMIZLEME-750-768x768.jpg 768w, https:\/\/mrrottos.com\/wp-content\/uploads\/2023\/06\/SIRKELI-CAM-TEMIZLEME-750-1536x1536.jpg 1536w, https:\/\/mrrottos.com\/wp-content\/uploads\/2023\/06\/SIRKELI-CAM-TEMIZLEME-750.jpg 1600w\" sizes=\"auto, (max-width: 800px) 100vw, 800px\" \/>\t\t\t\t\t\t\n\t\t\t\t\t<\/div>\n\t\t\t\t\t\t\t\t\n<style scope=\"scope\">\n\n#image_291496821 {\n  width: 100%;\n}\n<\/style>\n\t<\/div>\n\t\n\n<a class=\"button primary\"  >\n    <span>S\u0130RKEL\u0130 CAM TEM\u0130ZLEME  750 ML<\/span>\n  <\/a>\n\n\n\n\t\t<\/div>\n\t<\/div>\n\n\t\n\n\t<div class=\"col medium-6 small-12 large-6\"  >\n\t\t<div class=\"col-inner text-center\"  >\n\t\t\t\n\t\t\t\n\n\t<div class=\"img has-hover x md-x lg-x y md-y lg-y\" id=\"image_1809502070\">\n\t\t\t\t\t\t\t\t<div class=\"img-inner dark\" >\n\t\t\t<img loading=\"lazy\" decoding=\"async\" width=\"800\" height=\"800\" src=\"https:\/\/mrrottos.com\/wp-content\/uploads\/2023\/06\/CAM-TEMIZLEME-5-LT-800x800.jpg\" class=\"attachment-large size-large\" alt=\"\" srcset=\"https:\/\/mrrottos.com\/wp-content\/uploads\/2023\/06\/CAM-TEMIZLEME-5-LT-800x800.jpg 800w, https:\/\/mrrottos.com\/wp-content\/uploads\/2023\/06\/CAM-TEMIZLEME-5-LT-400x400.jpg 400w, https:\/\/mrrottos.com\/wp-content\/uploads\/2023\/06\/CAM-TEMIZLEME-5-LT-280x280.jpg 280w, https:\/\/mrrottos.com\/wp-content\/uploads\/2023\/06\/CAM-TEMIZLEME-5-LT-768x768.jpg 768w, https:\/\/mrrottos.com\/wp-content\/uploads\/2023\/06\/CAM-TEMIZLEME-5-LT.jpg 1255w\" sizes=\"auto, (max-width: 800px) 100vw, 800px\" \/>\t\t\t\t\t\t\n\t\t\t\t\t<\/div>\n\t\t\t\t\t\t\t\t\n<style scope=\"scope\">\n\n#image_1809502070 {\n  width: 100%;\n}\n<\/style>\n\t<\/div>\n\t\n\n<a class=\"button primary\"  >\n    <span>CAM TEM\u0130ZLEME 5 L\u0130TRE<\/span>\n  <\/a>\n\n\n\n\t\t<\/div>\n\t<\/div>\n\n\t\n\n\t<div class=\"col small-12 large-12\"  >\n\t\t<div class=\"col-inner\"  >\n\t\t\t\n\t\t\t\n\n<h4 style=\"text-align: center;\">Cam Temizleyici cam ,ayna ,tv ekran\u0131 gibi t\u00fcm sert ve parlak y\u00fczeyleri<br \/>leke b\u0131rakmaks\u0131z\u0131n temizler.\u00d6n kapag\u0131 a\u00e7\u0131k konuma getirdikten sonra tetige basarak<br \/>temizlenecek y\u00fczeye 20-25 cm uzakl\u0131ktan p\u00fcsk\u00fcrt\u00fcp y\u00fczeyi kuru bir bezle siliniz.Durulamaya gerek yoktur.<\/h4>\n\n\t\t<\/div>\n\t<\/div>\n\n\t\n\n\n<style scope=\"scope\">\n\n<\/style>\n<\/div>\n\n","protected":false},"excerpt":{"rendered":"","protected":false},"author":1,"featured_media":0,"parent":0,"menu_order":0,"comment_status":"closed","ping_status":"closed","template":"","meta":{"footnotes":""},"class_list":["post-353","page","type-page","status-publish","hentry"],"_links":{"self":[{"href":"https:\/\/mrrottos.com\/index.php?rest_route=\/wp\/v2\/pages\/353","targetHints":{"allow":["GET"]}}],"collection":[{"href":"https:\/\/mrrottos.com\/index.php?rest_route=\/wp\/v2\/pages"}],"about":[{"href":"https:\/\/mrrottos.com\/index.php?rest_route=\/wp\/v2\/types\/page"}],"author":[{"embeddable":true,"href":"https:\/\/mrrottos.com\/index.php?rest_route=\/wp\/v2\/users\/1"}],"replies":[{"embeddable":true,"href":"https:\/\/mrrottos.com\/index.php?rest_route=%2Fwp%2Fv2%2Fcomments&post=353"}],"version-history":[{"count":3,"href":"https:\/\/mrrottos.com\/index.php?rest_route=\/wp\/v2\/pages\/353\/revisions"}],"predecessor-version":[{"id":412,"href":"https:\/\/mrrottos.com\/index.php?rest_route=\/wp\/v2\/pages\/353\/revisions\/412"}],"wp:attachment":[{"href":"https:\/\/mrrottos.com\/index.php?rest_route=%2Fwp%2Fv2%2Fmedia&parent=353"}],"curies":[{"name":"wp","href":"https:\/\/api.w.org\/{rel}","templated":true}]}}