{"id":355,"date":"2023-06-26T17:22:39","date_gmt":"2023-06-26T14:22:39","guid":{"rendered":"https:\/\/mrrottos.com\/?page_id=355"},"modified":"2023-06-26T17:50:15","modified_gmt":"2023-06-26T14:50:15","slug":"camasir-suyu","status":"publish","type":"page","link":"https:\/\/mrrottos.com\/?page_id=355","title":{"rendered":"\u00c7AMA\u015eIR SUYU"},"content":{"rendered":"\n<div class=\"row align-center\"  id=\"row-820997422\">\n\n\n\t<div class=\"col medium-8 small-12 large-8\"  >\n\t\t<div class=\"col-inner\"  >\n\t\t\t\n\t\t\t\n\n<div class=\"container section-title-container\" ><h3 class=\"section-title section-title-bold-center\"><b><\/b><span class=\"section-title-main\" style=\"color:rgb(25, 76, 163);\"><i class=\"icon-angle-down\" ><\/i>\u00c7AMA\u015eIR SUYU<\/span><b><\/b><\/h3><\/div>\n\n\n\t\t<\/div>\n\t<\/div>\n\n\t\n\n\t<div class=\"col medium-6 small-12 large-6\"  >\n\t\t<div class=\"col-inner text-center\"  >\n\t\t\t\n\t\t\t\n\n\t<div class=\"img has-hover x md-x lg-x y md-y lg-y\" id=\"image_378842789\">\n\t\t\t\t\t\t\t\t<div class=\"img-inner dark\" >\n\t\t\t<img loading=\"lazy\" decoding=\"async\" width=\"800\" height=\"800\" src=\"https:\/\/mrrottos.com\/wp-content\/uploads\/2023\/06\/ULTRA-CAMASIR-SUYU-SARI-800x800.jpg\" class=\"attachment-large size-large\" alt=\"\" srcset=\"https:\/\/mrrottos.com\/wp-content\/uploads\/2023\/06\/ULTRA-CAMASIR-SUYU-SARI-800x800.jpg 800w, https:\/\/mrrottos.com\/wp-content\/uploads\/2023\/06\/ULTRA-CAMASIR-SUYU-SARI-400x400.jpg 400w, https:\/\/mrrottos.com\/wp-content\/uploads\/2023\/06\/ULTRA-CAMASIR-SUYU-SARI-280x280.jpg 280w, https:\/\/mrrottos.com\/wp-content\/uploads\/2023\/06\/ULTRA-CAMASIR-SUYU-SARI-768x768.jpg 768w, https:\/\/mrrottos.com\/wp-content\/uploads\/2023\/06\/ULTRA-CAMASIR-SUYU-SARI-1536x1536.jpg 1536w, https:\/\/mrrottos.com\/wp-content\/uploads\/2023\/06\/ULTRA-CAMASIR-SUYU-SARI-2048x2048.jpg 2048w\" sizes=\"auto, (max-width: 800px) 100vw, 800px\" \/>\t\t\t\t\t\t\n\t\t\t\t\t<\/div>\n\t\t\t\t\t\t\t\t\n<style scope=\"scope\">\n\n#image_378842789 {\n  width: 100%;\n}\n<\/style>\n\t<\/div>\n\t\n\n<a class=\"button primary\"  >\n    <span>ULTRA \u00c7AMA\u015eIR SUYU 750 ML<\/span>\n  <\/a>\n\n\n\n\t\t<\/div>\n\t<\/div>\n\n\t\n\n\t<div class=\"col medium-6 small-12 large-6\"  >\n\t\t<div class=\"col-inner text-center\"  >\n\t\t\t\n\t\t\t\n\n\t<div class=\"img has-hover x md-x lg-x y md-y lg-y\" id=\"image_154851200\">\n\t\t\t\t\t\t\t\t<div class=\"img-inner dark\" >\n\t\t\t<img loading=\"lazy\" decoding=\"async\" width=\"800\" height=\"800\" src=\"https:\/\/mrrottos.com\/wp-content\/uploads\/2023\/06\/ULTRA-CAMASIR-SUYU-YESIL-800x800.jpg\" class=\"attachment-large size-large\" alt=\"\" srcset=\"https:\/\/mrrottos.com\/wp-content\/uploads\/2023\/06\/ULTRA-CAMASIR-SUYU-YESIL-800x800.jpg 800w, https:\/\/mrrottos.com\/wp-content\/uploads\/2023\/06\/ULTRA-CAMASIR-SUYU-YESIL-400x400.jpg 400w, https:\/\/mrrottos.com\/wp-content\/uploads\/2023\/06\/ULTRA-CAMASIR-SUYU-YESIL-280x280.jpg 280w, https:\/\/mrrottos.com\/wp-content\/uploads\/2023\/06\/ULTRA-CAMASIR-SUYU-YESIL-768x768.jpg 768w, https:\/\/mrrottos.com\/wp-content\/uploads\/2023\/06\/ULTRA-CAMASIR-SUYU-YESIL-1536x1536.jpg 1536w, https:\/\/mrrottos.com\/wp-content\/uploads\/2023\/06\/ULTRA-CAMASIR-SUYU-YESIL-2048x2048.jpg 2048w\" sizes=\"auto, (max-width: 800px) 100vw, 800px\" \/>\t\t\t\t\t\t\n\t\t\t\t\t<\/div>\n\t\t\t\t\t\t\t\t\n<style scope=\"scope\">\n\n#image_154851200 {\n  width: 100%;\n}\n<\/style>\n\t<\/div>\n\t\n\n<a class=\"button primary\"  >\n    <span>ULTRA \u00c7AMA\u015eIR SUYU 750 ML<\/span>\n  <\/a>\n\n\n\n\t\t<\/div>\n\t<\/div>\n\n\t\n\n\t<div class=\"col medium-6 small-12 large-6\"  >\n\t\t<div class=\"col-inner text-center\"  >\n\t\t\t\n\t\t\t\n\n\t<div class=\"img has-hover x md-x lg-x y md-y lg-y\" id=\"image_2136138962\">\n\t\t\t\t\t\t\t\t<div class=\"img-inner dark\" >\n\t\t\t<img loading=\"lazy\" decoding=\"async\" width=\"800\" height=\"800\" src=\"https:\/\/mrrottos.com\/wp-content\/uploads\/2023\/06\/MR-ROTTOS-2500-ML-CAMASIR-SUYU-800x800.jpg\" class=\"attachment-large size-large\" alt=\"\" srcset=\"https:\/\/mrrottos.com\/wp-content\/uploads\/2023\/06\/MR-ROTTOS-2500-ML-CAMASIR-SUYU-800x800.jpg 800w, https:\/\/mrrottos.com\/wp-content\/uploads\/2023\/06\/MR-ROTTOS-2500-ML-CAMASIR-SUYU-400x400.jpg 400w, https:\/\/mrrottos.com\/wp-content\/uploads\/2023\/06\/MR-ROTTOS-2500-ML-CAMASIR-SUYU-280x280.jpg 280w, https:\/\/mrrottos.com\/wp-content\/uploads\/2023\/06\/MR-ROTTOS-2500-ML-CAMASIR-SUYU-768x768.jpg 768w, https:\/\/mrrottos.com\/wp-content\/uploads\/2023\/06\/MR-ROTTOS-2500-ML-CAMASIR-SUYU.jpg 1200w\" sizes=\"auto, (max-width: 800px) 100vw, 800px\" \/>\t\t\t\t\t\t\n\t\t\t\t\t<\/div>\n\t\t\t\t\t\t\t\t\n<style scope=\"scope\">\n\n#image_2136138962 {\n  width: 100%;\n}\n<\/style>\n\t<\/div>\n\t\n\n<a class=\"button primary\"  >\n    <span>\u00c7AMA\u015eIR SUYU 2500 ML<\/span>\n  <\/a>\n\n\n\n\t\t<\/div>\n\t<\/div>\n\n\t\n\n\t<div class=\"col medium-6 small-12 large-6\"  >\n\t\t<div class=\"col-inner text-center\"  >\n\t\t\t\n\t\t\t\n\n\t<div class=\"img has-hover x md-x lg-x y md-y lg-y\" id=\"image_365804650\">\n\t\t\t\t\t\t\t\t<div class=\"img-inner dark\" >\n\t\t\t<img loading=\"lazy\" decoding=\"async\" width=\"800\" height=\"800\" src=\"https:\/\/mrrottos.com\/wp-content\/uploads\/2023\/06\/MR-ROTTOS-1000-ML-CAMASIR-SUYU-800x800.jpg\" class=\"attachment-large size-large\" alt=\"\" srcset=\"https:\/\/mrrottos.com\/wp-content\/uploads\/2023\/06\/MR-ROTTOS-1000-ML-CAMASIR-SUYU-800x800.jpg 800w, https:\/\/mrrottos.com\/wp-content\/uploads\/2023\/06\/MR-ROTTOS-1000-ML-CAMASIR-SUYU-400x400.jpg 400w, https:\/\/mrrottos.com\/wp-content\/uploads\/2023\/06\/MR-ROTTOS-1000-ML-CAMASIR-SUYU-280x280.jpg 280w, https:\/\/mrrottos.com\/wp-content\/uploads\/2023\/06\/MR-ROTTOS-1000-ML-CAMASIR-SUYU-768x768.jpg 768w, https:\/\/mrrottos.com\/wp-content\/uploads\/2023\/06\/MR-ROTTOS-1000-ML-CAMASIR-SUYU-1536x1536.jpg 1536w, https:\/\/mrrottos.com\/wp-content\/uploads\/2023\/06\/MR-ROTTOS-1000-ML-CAMASIR-SUYU.jpg 1600w\" sizes=\"auto, (max-width: 800px) 100vw, 800px\" \/>\t\t\t\t\t\t\n\t\t\t\t\t<\/div>\n\t\t\t\t\t\t\t\t\n<style scope=\"scope\">\n\n#image_365804650 {\n  width: 100%;\n}\n<\/style>\n\t<\/div>\n\t\n\n<a class=\"button primary\"  >\n    <span>\u00c7AMA\u015eIR SUYU 1000 ML<\/span>\n  <\/a>\n\n\n\n\t\t<\/div>\n\t<\/div>\n\n\t\n\n\t<div class=\"col small-12 large-12\"  >\n\t\t<div class=\"col-inner\"  >\n\t\t\t\n\t\t\t\n\n<h4 style=\"text-align: center;\">\u00c7amas\u0131r Suyu ekstra g\u00fc\u00e7lendirilmis yeni form\u00fcl\u00fc ile leke \u00e7\u0131karmak ve hijyen saglamak ama\u00e7l\u0131 kullan\u0131labilir.Tuvalet,klozet,banyo ve lavabo giderlerine d\u00f6k\u00fclerek 3-5 dakika beklenir ve sonra bol su ile durulan\u0131r. Temizlik saglanm\u0131s, pis kokular giderilmis olur. \u00c7amas\u0131r Temizliginde; Bekletmeli islemlerde; 1.5 litre. suya 70 ml \u00c7AMASIR SUYU ekleyerek, beyazlar 15-30 dakika bast\u0131r\u0131l\u0131r, sonra durulan\u0131r, daha sonra deterjan ile y\u0131kan\u0131r.Otomatik Olmayan Makinede;Makinenizi soguk su ile<br \/>doldurun, 140 ml. \u00c7amas\u0131r Suyu\u2019nu makinenize d\u00f6k\u00fcn 30 dakika y\u0131kay\u0131n. \u00c7amas\u0131rlar\u0131n\u0131z\u0131 durulay\u0131n. Makinedeki suyu degistirin.Deterjan ile normal y\u0131kaman\u0131za devam edin.Otomatik Makinede; En k\u0131sa y\u0131kama program\u0131n\u0131 ve soguk su kullan\u0131m\u0131n\u0131 se\u00e7in, makine su al\u0131rken 140 ml. \u00c7amas\u0131r Suyu\u2019nu deterjan b\u00f6l\u00fcm\u00fcne d\u00f6k\u00fcn.\u00a0 Deterjan eklemeyin. K\u0131sa program\u0131n durulamas\u0131 bitiminde deterjan ile normal<br \/>y\u0131kaman\u0131za devam edin. T\u00fcm temizlik uygulamalar\u0131nda \u00fcr\u00fcn kullan\u0131m\u0131 sonras\u0131 su ile<br \/>durulanma islemi yap\u0131lmal\u0131d\u0131r.<\/h4>\n\n\t\t<\/div>\n\t<\/div>\n\n\t\n\n\n<style scope=\"scope\">\n\n<\/style>\n<\/div>\n\n","protected":false},"excerpt":{"rendered":"","protected":false},"author":1,"featured_media":0,"parent":0,"menu_order":0,"comment_status":"closed","ping_status":"closed","template":"","meta":{"footnotes":""},"class_list":["post-355","page","type-page","status-publish","hentry"],"_links":{"self":[{"href":"https:\/\/mrrottos.com\/index.php?rest_route=\/wp\/v2\/pages\/355","targetHints":{"allow":["GET"]}}],"collection":[{"href":"https:\/\/mrrottos.com\/index.php?rest_route=\/wp\/v2\/pages"}],"about":[{"href":"https:\/\/mrrottos.com\/index.php?rest_route=\/wp\/v2\/types\/page"}],"author":[{"embeddable":true,"href":"https:\/\/mrrottos.com\/index.php?rest_route=\/wp\/v2\/users\/1"}],"replies":[{"embeddable":true,"href":"https:\/\/mrrottos.com\/index.php?rest_route=%2Fwp%2Fv2%2Fcomments&post=355"}],"version-history":[{"count":3,"href":"https:\/\/mrrottos.com\/index.php?rest_route=\/wp\/v2\/pages\/355\/revisions"}],"predecessor-version":[{"id":418,"href":"https:\/\/mrrottos.com\/index.php?rest_route=\/wp\/v2\/pages\/355\/revisions\/418"}],"wp:attachment":[{"href":"https:\/\/mrrottos.com\/index.php?rest_route=%2Fwp%2Fv2%2Fmedia&parent=355"}],"curies":[{"name":"wp","href":"https:\/\/api.w.org\/{rel}","templated":true}]}}