{"id":357,"date":"2023-06-26T17:23:20","date_gmt":"2023-06-26T14:23:20","guid":{"rendered":"https:\/\/mrrottos.com\/?page_id=357"},"modified":"2023-06-26T17:52:40","modified_gmt":"2023-06-26T14:52:40","slug":"leke-sihirbazi","status":"publish","type":"page","link":"https:\/\/mrrottos.com\/?page_id=357","title":{"rendered":"LEKE S\u0130H\u0130RBAZI"},"content":{"rendered":"\n<div class=\"row align-center\"  id=\"row-1598631699\">\n\n\n\t<div class=\"col medium-8 small-12 large-8\"  >\n\t\t<div class=\"col-inner\"  >\n\t\t\t\n\t\t\t\n\n<div class=\"container section-title-container\" ><h3 class=\"section-title section-title-bold-center\"><b><\/b><span class=\"section-title-main\" style=\"color:rgb(25, 76, 163);\"><i class=\"icon-angle-down\" ><\/i>LEKE S\u0130H\u0130RBAZI<\/span><b><\/b><\/h3><\/div>\n\n\n\t\t<\/div>\n\t<\/div>\n\n\t\n\n\t<div class=\"col medium-6 small-12 large-6\"  >\n\t\t<div class=\"col-inner text-center\"  >\n\t\t\t\n\t\t\t\n\n\t<div class=\"img has-hover x md-x lg-x y md-y lg-y\" id=\"image_1014961553\">\n\t\t\t\t\t\t\t\t<div class=\"img-inner dark\" >\n\t\t\t<img loading=\"lazy\" decoding=\"async\" width=\"800\" height=\"800\" src=\"https:\/\/mrrottos.com\/wp-content\/uploads\/2023\/06\/LEKE-SIHIRBAZI-750-ML-800x800.jpg\" class=\"attachment-large size-large\" alt=\"\" srcset=\"https:\/\/mrrottos.com\/wp-content\/uploads\/2023\/06\/LEKE-SIHIRBAZI-750-ML-800x800.jpg 800w, https:\/\/mrrottos.com\/wp-content\/uploads\/2023\/06\/LEKE-SIHIRBAZI-750-ML-400x400.jpg 400w, https:\/\/mrrottos.com\/wp-content\/uploads\/2023\/06\/LEKE-SIHIRBAZI-750-ML-280x280.jpg 280w, https:\/\/mrrottos.com\/wp-content\/uploads\/2023\/06\/LEKE-SIHIRBAZI-750-ML-768x768.jpg 768w, https:\/\/mrrottos.com\/wp-content\/uploads\/2023\/06\/LEKE-SIHIRBAZI-750-ML-1536x1536.jpg 1536w, https:\/\/mrrottos.com\/wp-content\/uploads\/2023\/06\/LEKE-SIHIRBAZI-750-ML.jpg 1539w\" sizes=\"auto, (max-width: 800px) 100vw, 800px\" \/>\t\t\t\t\t\t\n\t\t\t\t\t<\/div>\n\t\t\t\t\t\t\t\t\n<style scope=\"scope\">\n\n#image_1014961553 {\n  width: 100%;\n}\n<\/style>\n\t<\/div>\n\t\n\n<a class=\"button primary\"  >\n    <span>750 ML<\/span>\n  <\/a>\n\n\n\n\t\t<\/div>\n\t<\/div>\n\n\t\n\n\t<div class=\"col small-12 large-12\"  >\n\t\t<div class=\"col-inner\"  >\n\t\t\t\n\t\t\t\n\n<h4 style=\"text-align: center;\">Sert y\u00fczeylerde,hal\u0131,koltuk,d\u00f6seme ve tekstil y\u00fczey temizliginde,g\u00f6mlek kol ve yaka kirlerinin temizliginde kullan\u0131l\u0131r. PVC y\u00fczeylerde,banyo,lavabo,fayans,mermer ve yer temizliginde g\u00fcvenle kullan\u0131labilir. Temizlenecek y\u00fczeye sprey yard\u0131m\u0131 ile<br \/>s\u0131k\u0131larak temizleme islemi yap\u0131l\u0131r.Daha sonra su ile durulan\u0131r.<\/h4>\n\n\t\t<\/div>\n\t<\/div>\n\n\t\n\n\n<style scope=\"scope\">\n\n<\/style>\n<\/div>\n\n","protected":false},"excerpt":{"rendered":"","protected":false},"author":1,"featured_media":0,"parent":0,"menu_order":0,"comment_status":"closed","ping_status":"closed","template":"","meta":{"footnotes":""},"class_list":["post-357","page","type-page","status-publish","hentry"],"_links":{"self":[{"href":"https:\/\/mrrottos.com\/index.php?rest_route=\/wp\/v2\/pages\/357","targetHints":{"allow":["GET"]}}],"collection":[{"href":"https:\/\/mrrottos.com\/index.php?rest_route=\/wp\/v2\/pages"}],"about":[{"href":"https:\/\/mrrottos.com\/index.php?rest_route=\/wp\/v2\/types\/page"}],"author":[{"embeddable":true,"href":"https:\/\/mrrottos.com\/index.php?rest_route=\/wp\/v2\/users\/1"}],"replies":[{"embeddable":true,"href":"https:\/\/mrrottos.com\/index.php?rest_route=%2Fwp%2Fv2%2Fcomments&post=357"}],"version-history":[{"count":3,"href":"https:\/\/mrrottos.com\/index.php?rest_route=\/wp\/v2\/pages\/357\/revisions"}],"predecessor-version":[{"id":423,"href":"https:\/\/mrrottos.com\/index.php?rest_route=\/wp\/v2\/pages\/357\/revisions\/423"}],"wp:attachment":[{"href":"https:\/\/mrrottos.com\/index.php?rest_route=%2Fwp%2Fv2%2Fmedia&parent=357"}],"curies":[{"name":"wp","href":"https:\/\/api.w.org\/{rel}","templated":true}]}}