{"id":359,"date":"2023-06-26T17:24:04","date_gmt":"2023-06-26T14:24:04","guid":{"rendered":"https:\/\/mrrottos.com\/?page_id=359"},"modified":"2023-06-26T18:10:15","modified_gmt":"2023-06-26T15:10:15","slug":"sivi-sabun","status":"publish","type":"page","link":"https:\/\/mrrottos.com\/?page_id=359","title":{"rendered":"SIVI SABUN"},"content":{"rendered":"\n<div class=\"row align-center\"  id=\"row-1063412361\">\n\n\n\t<div class=\"col medium-10 small-12 large-10\"  >\n\t\t<div class=\"col-inner\"  >\n\t\t\t\n\t\t\t\n\n<div class=\"container section-title-container\" ><h3 class=\"section-title section-title-bold-center\"><b><\/b><span class=\"section-title-main\" style=\"color:rgb(25, 76, 163);\"><i class=\"icon-angle-down\" ><\/i>SIVI SABUN<\/span><b><\/b><\/h3><\/div>\n\n\n\t\t<\/div>\n\t<\/div>\n\n\t\n\n\t<div class=\"col medium-3 small-12 large-3\"  >\n\t\t<div class=\"col-inner text-center\"  >\n\t\t\t\n\t\t\t\n\n\t<div class=\"img has-hover x md-x lg-x y md-y lg-y\" id=\"image_1564924759\">\n\t\t\t\t\t\t\t\t<div class=\"img-inner dark\" >\n\t\t\t<img loading=\"lazy\" decoding=\"async\" width=\"726\" height=\"726\" src=\"https:\/\/mrrottos.com\/wp-content\/uploads\/2023\/06\/okyanus-3d.jpg\" class=\"attachment-large size-large\" alt=\"\" srcset=\"https:\/\/mrrottos.com\/wp-content\/uploads\/2023\/06\/okyanus-3d.jpg 726w, https:\/\/mrrottos.com\/wp-content\/uploads\/2023\/06\/okyanus-3d-400x400.jpg 400w, https:\/\/mrrottos.com\/wp-content\/uploads\/2023\/06\/okyanus-3d-280x280.jpg 280w\" sizes=\"auto, (max-width: 726px) 100vw, 726px\" \/>\t\t\t\t\t\t\n\t\t\t\t\t<\/div>\n\t\t\t\t\t\t\t\t\n<style scope=\"scope\">\n\n#image_1564924759 {\n  width: 100%;\n}\n<\/style>\n\t<\/div>\n\t\n\n<a class=\"button primary\"  >\n    <span>OKYANUS 400 ML<\/span>\n  <\/a>\n\n\n\n\t\t<\/div>\n\t<\/div>\n\n\t\n\n\t<div class=\"col medium-3 small-12 large-3\"  >\n\t\t<div class=\"col-inner text-center\"  >\n\t\t\t\n\t\t\t\n\n\t<div class=\"img has-hover x md-x lg-x y md-y lg-y\" id=\"image_530068566\">\n\t\t\t\t\t\t\t\t<div class=\"img-inner dark\" >\n\t\t\t<img loading=\"lazy\" decoding=\"async\" width=\"726\" height=\"726\" src=\"https:\/\/mrrottos.com\/wp-content\/uploads\/2023\/06\/olive-3d.jpg\" class=\"attachment-large size-large\" alt=\"\" srcset=\"https:\/\/mrrottos.com\/wp-content\/uploads\/2023\/06\/olive-3d.jpg 726w, https:\/\/mrrottos.com\/wp-content\/uploads\/2023\/06\/olive-3d-400x400.jpg 400w, https:\/\/mrrottos.com\/wp-content\/uploads\/2023\/06\/olive-3d-280x280.jpg 280w\" sizes=\"auto, (max-width: 726px) 100vw, 726px\" \/>\t\t\t\t\t\t\n\t\t\t\t\t<\/div>\n\t\t\t\t\t\t\t\t\n<style scope=\"scope\">\n\n#image_530068566 {\n  width: 100%;\n}\n<\/style>\n\t<\/div>\n\t\n\n<a class=\"button primary\"  >\n    <span>ZEYT\u0130NYA\u011eI  400 ML<\/span>\n  <\/a>\n\n\n\n\t\t<\/div>\n\t<\/div>\n\n\t\n\n\t<div class=\"col medium-3 small-12 large-3\"  >\n\t\t<div class=\"col-inner text-center\"  >\n\t\t\t\n\t\t\t\n\n\t<div class=\"img has-hover x md-x lg-x y md-y lg-y\" id=\"image_2129501914\">\n\t\t\t\t\t\t\t\t<div class=\"img-inner dark\" >\n\t\t\t<img loading=\"lazy\" decoding=\"async\" width=\"726\" height=\"726\" src=\"https:\/\/mrrottos.com\/wp-content\/uploads\/2023\/06\/SIVI-SABUN-400-ML.jpg\" class=\"attachment-large size-large\" alt=\"\" srcset=\"https:\/\/mrrottos.com\/wp-content\/uploads\/2023\/06\/SIVI-SABUN-400-ML.jpg 726w, https:\/\/mrrottos.com\/wp-content\/uploads\/2023\/06\/SIVI-SABUN-400-ML-400x400.jpg 400w, https:\/\/mrrottos.com\/wp-content\/uploads\/2023\/06\/SIVI-SABUN-400-ML-280x280.jpg 280w\" sizes=\"auto, (max-width: 726px) 100vw, 726px\" \/>\t\t\t\t\t\t\n\t\t\t\t\t<\/div>\n\t\t\t\t\t\t\t\t\n<style scope=\"scope\">\n\n#image_2129501914 {\n  width: 100%;\n}\n<\/style>\n\t<\/div>\n\t\n\n<a class=\"button primary\"  >\n    <span>LAVANTA 400 ML<\/span>\n  <\/a>\n\n\n\n\t\t<\/div>\n\t<\/div>\n\n\t\n\n\t<div class=\"col medium-3 small-12 large-3\"  >\n\t\t<div class=\"col-inner text-center\"  >\n\t\t\t\n\t\t\t\n\n\t<div class=\"img has-hover x md-x lg-x y md-y lg-y\" id=\"image_1728729242\">\n\t\t\t\t\t\t\t\t<div class=\"img-inner dark\" >\n\t\t\t<img loading=\"lazy\" decoding=\"async\" width=\"726\" height=\"726\" src=\"https:\/\/mrrottos.com\/wp-content\/uploads\/2023\/06\/spring-3d.jpg\" class=\"attachment-large size-large\" alt=\"\" srcset=\"https:\/\/mrrottos.com\/wp-content\/uploads\/2023\/06\/spring-3d.jpg 726w, https:\/\/mrrottos.com\/wp-content\/uploads\/2023\/06\/spring-3d-400x400.jpg 400w, https:\/\/mrrottos.com\/wp-content\/uploads\/2023\/06\/spring-3d-280x280.jpg 280w\" sizes=\"auto, (max-width: 726px) 100vw, 726px\" \/>\t\t\t\t\t\t\n\t\t\t\t\t<\/div>\n\t\t\t\t\t\t\t\t\n<style scope=\"scope\">\n\n#image_1728729242 {\n  width: 100%;\n}\n<\/style>\n\t<\/div>\n\t\n\n<a class=\"button primary\"  >\n    <span>BAHAR 400 ML<\/span>\n  <\/a>\n\n\n\n\t\t<\/div>\n\t<\/div>\n\n\t\n\n\t<div class=\"col medium-4 small-12 large-4\"  >\n\t\t<div class=\"col-inner text-center\"  >\n\t\t\t\n\t\t\t\n\n\t<div class=\"img has-hover x md-x lg-x y md-y lg-y\" id=\"image_1261389938\">\n\t\t\t\t\t\t\t\t<div class=\"img-inner dark\" >\n\t\t\t<img loading=\"lazy\" decoding=\"async\" width=\"624\" height=\"624\" src=\"https:\/\/mrrottos.com\/wp-content\/uploads\/2023\/06\/ocean.jpg\" class=\"attachment-large size-large\" alt=\"\" srcset=\"https:\/\/mrrottos.com\/wp-content\/uploads\/2023\/06\/ocean.jpg 624w, https:\/\/mrrottos.com\/wp-content\/uploads\/2023\/06\/ocean-400x400.jpg 400w, https:\/\/mrrottos.com\/wp-content\/uploads\/2023\/06\/ocean-280x280.jpg 280w\" sizes=\"auto, (max-width: 624px) 100vw, 624px\" \/>\t\t\t\t\t\t\n\t\t\t\t\t<\/div>\n\t\t\t\t\t\t\t\t\n<style scope=\"scope\">\n\n#image_1261389938 {\n  width: 100%;\n}\n<\/style>\n\t<\/div>\n\t\n\n<a class=\"button primary\"  >\n    <span>DA\u011e KOKUSU 5 L\u0130TRE<\/span>\n  <\/a>\n\n\n\n\t\t<\/div>\n\t<\/div>\n\n\t\n\n\t<div class=\"col medium-4 small-12 large-4\"  >\n\t\t<div class=\"col-inner text-center\"  >\n\t\t\t\n\t\t\t\n\n\t<div class=\"img has-hover x md-x lg-x y md-y lg-y\" id=\"image_1713870566\">\n\t\t\t\t\t\t\t\t<div class=\"img-inner dark\" >\n\t\t\t<img loading=\"lazy\" decoding=\"async\" width=\"624\" height=\"624\" src=\"https:\/\/mrrottos.com\/wp-content\/uploads\/2023\/06\/pembe.jpg\" class=\"attachment-large size-large\" alt=\"\" srcset=\"https:\/\/mrrottos.com\/wp-content\/uploads\/2023\/06\/pembe.jpg 624w, https:\/\/mrrottos.com\/wp-content\/uploads\/2023\/06\/pembe-400x400.jpg 400w, https:\/\/mrrottos.com\/wp-content\/uploads\/2023\/06\/pembe-280x280.jpg 280w\" sizes=\"auto, (max-width: 624px) 100vw, 624px\" \/>\t\t\t\t\t\t\n\t\t\t\t\t<\/div>\n\t\t\t\t\t\t\t\t\n<style scope=\"scope\">\n\n#image_1713870566 {\n  width: 100%;\n}\n<\/style>\n\t<\/div>\n\t\n\n<a class=\"button primary\"  >\n    <span>PEMBE G\u00dcL 5 L\u0130TRE<\/span>\n  <\/a>\n\n\n\n\t\t<\/div>\n\t<\/div>\n\n\t\n\n\t<div class=\"col medium-4 small-12 large-4\"  >\n\t\t<div class=\"col-inner text-center\"  >\n\t\t\t\n\t\t\t\n\n\t<div class=\"img has-hover x md-x lg-x y md-y lg-y\" id=\"image_400169971\">\n\t\t\t\t\t\t\t\t<div class=\"img-inner dark\" >\n\t\t\t<img loading=\"lazy\" decoding=\"async\" width=\"624\" height=\"624\" src=\"https:\/\/mrrottos.com\/wp-content\/uploads\/2023\/06\/sabun.jpg\" class=\"attachment-large size-large\" alt=\"\" srcset=\"https:\/\/mrrottos.com\/wp-content\/uploads\/2023\/06\/sabun.jpg 624w, https:\/\/mrrottos.com\/wp-content\/uploads\/2023\/06\/sabun-400x400.jpg 400w, https:\/\/mrrottos.com\/wp-content\/uploads\/2023\/06\/sabun-280x280.jpg 280w\" sizes=\"auto, (max-width: 624px) 100vw, 624px\" \/>\t\t\t\t\t\t\n\t\t\t\t\t<\/div>\n\t\t\t\t\t\t\t\t\n<style scope=\"scope\">\n\n#image_400169971 {\n  width: 100%;\n}\n<\/style>\n\t<\/div>\n\t\n\n<a class=\"button primary\"  >\n    <span>BAHAR KOKUSU 5 L\u0130TRE<\/span>\n  <\/a>\n\n\n\n\t\t<\/div>\n\t<\/div>\n\n\t\n\n\t<div class=\"col small-12 large-12\"  >\n\t\t<div class=\"col-inner\"  >\n\t\t\t\n\t\t\t\n\n<h4 style=\"text-align: center;\">S\u0131v\u0131 Sabun gliserin i\u00e7erikli form\u00fcl\u00fc ile cildinizi tahris etmeden temizler.Cilt ph degerine uygundur. \u00dcr\u00fcnden elinize bir miktar al\u0131n\u0131z, k\u00f6p\u00fcrterek el temizliginizi yap\u0131n ve daha sonra su ile durulay\u0131n\u0131z.<\/h4>\n\n\t\t<\/div>\n\t<\/div>\n\n\t\n\n\n<style scope=\"scope\">\n\n<\/style>\n<\/div>\n\n","protected":false},"excerpt":{"rendered":"","protected":false},"author":1,"featured_media":0,"parent":0,"menu_order":0,"comment_status":"closed","ping_status":"closed","template":"","meta":{"footnotes":""},"class_list":["post-359","page","type-page","status-publish","hentry"],"_links":{"self":[{"href":"https:\/\/mrrottos.com\/index.php?rest_route=\/wp\/v2\/pages\/359","targetHints":{"allow":["GET"]}}],"collection":[{"href":"https:\/\/mrrottos.com\/index.php?rest_route=\/wp\/v2\/pages"}],"about":[{"href":"https:\/\/mrrottos.com\/index.php?rest_route=\/wp\/v2\/types\/page"}],"author":[{"embeddable":true,"href":"https:\/\/mrrottos.com\/index.php?rest_route=\/wp\/v2\/users\/1"}],"replies":[{"embeddable":true,"href":"https:\/\/mrrottos.com\/index.php?rest_route=%2Fwp%2Fv2%2Fcomments&post=359"}],"version-history":[{"count":3,"href":"https:\/\/mrrottos.com\/index.php?rest_route=\/wp\/v2\/pages\/359\/revisions"}],"predecessor-version":[{"id":440,"href":"https:\/\/mrrottos.com\/index.php?rest_route=\/wp\/v2\/pages\/359\/revisions\/440"}],"wp:attachment":[{"href":"https:\/\/mrrottos.com\/index.php?rest_route=%2Fwp%2Fv2%2Fmedia&parent=359"}],"curies":[{"name":"wp","href":"https:\/\/api.w.org\/{rel}","templated":true}]}}