{"id":360,"date":"2023-06-26T17:23:56","date_gmt":"2023-06-26T14:23:56","guid":{"rendered":"https:\/\/mrrottos.com\/?page_id=360"},"modified":"2023-06-26T18:05:34","modified_gmt":"2023-06-26T15:05:34","slug":"oda-spreyi","status":"publish","type":"page","link":"https:\/\/mrrottos.com\/?page_id=360","title":{"rendered":"ODA SPREY\u0130"},"content":{"rendered":"\n<div class=\"row align-center\"  id=\"row-965459742\">\n\n\n\t<div class=\"col medium-10 small-12 large-10\"  >\n\t\t<div class=\"col-inner\"  >\n\t\t\t\n\t\t\t\n\n<div class=\"container section-title-container\" ><h3 class=\"section-title section-title-bold-center\"><b><\/b><span class=\"section-title-main\" style=\"color:rgb(25, 76, 163);\"><i class=\"icon-angle-down\" ><\/i>ODA SPREY\u0130<\/span><b><\/b><\/h3><\/div>\n\n\n\t\t<\/div>\n\t<\/div>\n\n\t\n\n\t<div class=\"col medium-4 small-12 large-4\"  >\n\t\t<div class=\"col-inner text-center\"  >\n\t\t\t\n\t\t\t\n\n\t<div class=\"img has-hover x md-x lg-x y md-y lg-y\" id=\"image_842369566\">\n\t\t\t\t\t\t\t\t<div class=\"img-inner dark\" >\n\t\t\t<img loading=\"lazy\" decoding=\"async\" width=\"800\" height=\"800\" src=\"https:\/\/mrrottos.com\/wp-content\/uploads\/2023\/06\/ODA-SPREYI-3-800x800.jpg\" class=\"attachment-large size-large\" alt=\"\" srcset=\"https:\/\/mrrottos.com\/wp-content\/uploads\/2023\/06\/ODA-SPREYI-3-800x800.jpg 800w, https:\/\/mrrottos.com\/wp-content\/uploads\/2023\/06\/ODA-SPREYI-3-400x400.jpg 400w, https:\/\/mrrottos.com\/wp-content\/uploads\/2023\/06\/ODA-SPREYI-3-280x280.jpg 280w, https:\/\/mrrottos.com\/wp-content\/uploads\/2023\/06\/ODA-SPREYI-3-768x768.jpg 768w, https:\/\/mrrottos.com\/wp-content\/uploads\/2023\/06\/ODA-SPREYI-3-1536x1536.jpg 1536w, https:\/\/mrrottos.com\/wp-content\/uploads\/2023\/06\/ODA-SPREYI-3.jpg 1600w\" sizes=\"auto, (max-width: 800px) 100vw, 800px\" \/>\t\t\t\t\t\t\n\t\t\t\t\t<\/div>\n\t\t\t\t\t\t\t\t\n<style scope=\"scope\">\n\n#image_842369566 {\n  width: 100%;\n}\n<\/style>\n\t<\/div>\n\t\n\n<a class=\"button primary\"  >\n    <span>BAHAR 500 ML<\/span>\n  <\/a>\n\n\n\n\t\t<\/div>\n\t<\/div>\n\n\t\n\n\t<div class=\"col medium-4 small-12 large-4\"  >\n\t\t<div class=\"col-inner text-center\"  >\n\t\t\t\n\t\t\t\n\n\t<div class=\"img has-hover x md-x lg-x y md-y lg-y\" id=\"image_1004455563\">\n\t\t\t\t\t\t\t\t<div class=\"img-inner dark\" >\n\t\t\t<img loading=\"lazy\" decoding=\"async\" width=\"800\" height=\"800\" src=\"https:\/\/mrrottos.com\/wp-content\/uploads\/2023\/06\/ODA-SPREYI-2-800x800.jpg\" class=\"attachment-large size-large\" alt=\"\" srcset=\"https:\/\/mrrottos.com\/wp-content\/uploads\/2023\/06\/ODA-SPREYI-2-800x800.jpg 800w, https:\/\/mrrottos.com\/wp-content\/uploads\/2023\/06\/ODA-SPREYI-2-400x400.jpg 400w, https:\/\/mrrottos.com\/wp-content\/uploads\/2023\/06\/ODA-SPREYI-2-280x280.jpg 280w, https:\/\/mrrottos.com\/wp-content\/uploads\/2023\/06\/ODA-SPREYI-2-768x768.jpg 768w, https:\/\/mrrottos.com\/wp-content\/uploads\/2023\/06\/ODA-SPREYI-2-1536x1536.jpg 1536w, https:\/\/mrrottos.com\/wp-content\/uploads\/2023\/06\/ODA-SPREYI-2.jpg 1600w\" sizes=\"auto, (max-width: 800px) 100vw, 800px\" \/>\t\t\t\t\t\t\n\t\t\t\t\t<\/div>\n\t\t\t\t\t\t\t\t\n<style scope=\"scope\">\n\n#image_1004455563 {\n  width: 100%;\n}\n<\/style>\n\t<\/div>\n\t\n\n<a class=\"button primary\"  >\n    <span>LAVANTA 500 ML<\/span>\n  <\/a>\n\n\n\n\t\t<\/div>\n\t<\/div>\n\n\t\n\n\t<div class=\"col medium-4 small-12 large-4\"  >\n\t\t<div class=\"col-inner text-center\"  >\n\t\t\t\n\t\t\t\n\n\t<div class=\"img has-hover x md-x lg-x y md-y lg-y\" id=\"image_598197983\">\n\t\t\t\t\t\t\t\t<div class=\"img-inner dark\" >\n\t\t\t<img loading=\"lazy\" decoding=\"async\" width=\"800\" height=\"800\" src=\"https:\/\/mrrottos.com\/wp-content\/uploads\/2023\/06\/ODA-SPREYI-1-800x800.jpg\" class=\"attachment-large size-large\" alt=\"\" srcset=\"https:\/\/mrrottos.com\/wp-content\/uploads\/2023\/06\/ODA-SPREYI-1-800x800.jpg 800w, https:\/\/mrrottos.com\/wp-content\/uploads\/2023\/06\/ODA-SPREYI-1-400x400.jpg 400w, https:\/\/mrrottos.com\/wp-content\/uploads\/2023\/06\/ODA-SPREYI-1-280x280.jpg 280w, https:\/\/mrrottos.com\/wp-content\/uploads\/2023\/06\/ODA-SPREYI-1-768x768.jpg 768w, https:\/\/mrrottos.com\/wp-content\/uploads\/2023\/06\/ODA-SPREYI-1-1536x1536.jpg 1536w, https:\/\/mrrottos.com\/wp-content\/uploads\/2023\/06\/ODA-SPREYI-1.jpg 1600w\" sizes=\"auto, (max-width: 800px) 100vw, 800px\" \/>\t\t\t\t\t\t\n\t\t\t\t\t<\/div>\n\t\t\t\t\t\t\t\t\n<style scope=\"scope\">\n\n#image_598197983 {\n  width: 100%;\n}\n<\/style>\n\t<\/div>\n\t\n\n<a class=\"button primary\"  >\n    <span>OKYANUS 500 ML<\/span>\n  <\/a>\n\n\n\n\t\t<\/div>\n\t<\/div>\n\n\t\n\n\t<div class=\"col small-12 large-12\"  >\n\t\t<div class=\"col-inner\"  >\n\t\t\t\n\t\t\t\n\n<h4 style=\"text-align: center;\">Hava Aromatize Edici,sprey yard\u0131m\u0131yla g\u00fczel kokmas\u0131 aromatize edilmesi istenilen alanlara,esya,ortam ve kumaslar\u0131n\u0131za s\u0131k\u0131larak kullan\u0131l\u0131r.Kal\u0131c\u0131 parf\u00fcm\u00fc ile ortamdaki k\u00f6t\u00fc kokular\u0131 bask\u0131lar.<\/h4>\n\n\t\t<\/div>\n\t<\/div>\n\n\t\n\n\n<style scope=\"scope\">\n\n<\/style>\n<\/div>\n\n","protected":false},"excerpt":{"rendered":"","protected":false},"author":1,"featured_media":0,"parent":0,"menu_order":0,"comment_status":"closed","ping_status":"closed","template":"","meta":{"footnotes":""},"class_list":["post-360","page","type-page","status-publish","hentry"],"_links":{"self":[{"href":"https:\/\/mrrottos.com\/index.php?rest_route=\/wp\/v2\/pages\/360","targetHints":{"allow":["GET"]}}],"collection":[{"href":"https:\/\/mrrottos.com\/index.php?rest_route=\/wp\/v2\/pages"}],"about":[{"href":"https:\/\/mrrottos.com\/index.php?rest_route=\/wp\/v2\/types\/page"}],"author":[{"embeddable":true,"href":"https:\/\/mrrottos.com\/index.php?rest_route=\/wp\/v2\/users\/1"}],"replies":[{"embeddable":true,"href":"https:\/\/mrrottos.com\/index.php?rest_route=%2Fwp%2Fv2%2Fcomments&post=360"}],"version-history":[{"count":4,"href":"https:\/\/mrrottos.com\/index.php?rest_route=\/wp\/v2\/pages\/360\/revisions"}],"predecessor-version":[{"id":431,"href":"https:\/\/mrrottos.com\/index.php?rest_route=\/wp\/v2\/pages\/360\/revisions\/431"}],"wp:attachment":[{"href":"https:\/\/mrrottos.com\/index.php?rest_route=%2Fwp%2Fv2%2Fmedia&parent=360"}],"curies":[{"name":"wp","href":"https:\/\/api.w.org\/{rel}","templated":true}]}}