{"id":363,"date":"2023-06-26T17:24:19","date_gmt":"2023-06-26T14:24:19","guid":{"rendered":"https:\/\/mrrottos.com\/?page_id=363"},"modified":"2023-06-26T18:11:50","modified_gmt":"2023-06-26T15:11:50","slug":"tuz-ruhu","status":"publish","type":"page","link":"https:\/\/mrrottos.com\/?page_id=363","title":{"rendered":"TUZ RUHU"},"content":{"rendered":"\n<div class=\"row align-center\"  id=\"row-662804747\">\n\n\n\t<div class=\"col medium-8 small-12 large-8\"  >\n\t\t<div class=\"col-inner\"  >\n\t\t\t\n\t\t\t\n\n<div class=\"container section-title-container\" ><h3 class=\"section-title section-title-bold-center\"><b><\/b><span class=\"section-title-main\" style=\"color:rgb(25, 76, 163);\"><i class=\"icon-angle-down\" ><\/i>TUZ RUHU<\/span><b><\/b><\/h3><\/div>\n\n\n\t\t<\/div>\n\t<\/div>\n\n\t\n\n\t<div class=\"col medium-6 small-12 large-6\"  >\n\t\t<div class=\"col-inner text-center\"  >\n\t\t\t\n\t\t\t\n\n\t<div class=\"img has-hover x md-x lg-x y md-y lg-y\" id=\"image_20926980\">\n\t\t\t\t\t\t\t\t<div class=\"img-inner dark\" >\n\t\t\t<img loading=\"lazy\" decoding=\"async\" width=\"800\" height=\"800\" src=\"https:\/\/mrrottos.com\/wp-content\/uploads\/2023\/06\/MR-ROTTOS-TUZ-RUHU-600-ML-800x800.jpg\" class=\"attachment-large size-large\" alt=\"\" srcset=\"https:\/\/mrrottos.com\/wp-content\/uploads\/2023\/06\/MR-ROTTOS-TUZ-RUHU-600-ML-800x800.jpg 800w, https:\/\/mrrottos.com\/wp-content\/uploads\/2023\/06\/MR-ROTTOS-TUZ-RUHU-600-ML-400x400.jpg 400w, https:\/\/mrrottos.com\/wp-content\/uploads\/2023\/06\/MR-ROTTOS-TUZ-RUHU-600-ML-280x280.jpg 280w, https:\/\/mrrottos.com\/wp-content\/uploads\/2023\/06\/MR-ROTTOS-TUZ-RUHU-600-ML-768x768.jpg 768w, https:\/\/mrrottos.com\/wp-content\/uploads\/2023\/06\/MR-ROTTOS-TUZ-RUHU-600-ML-1536x1536.jpg 1536w, https:\/\/mrrottos.com\/wp-content\/uploads\/2023\/06\/MR-ROTTOS-TUZ-RUHU-600-ML.jpg 1600w\" sizes=\"auto, (max-width: 800px) 100vw, 800px\" \/>\t\t\t\t\t\t\n\t\t\t\t\t<\/div>\n\t\t\t\t\t\t\t\t\n<style scope=\"scope\">\n\n#image_20926980 {\n  width: 100%;\n}\n<\/style>\n\t<\/div>\n\t\n\n<a class=\"button primary\"  >\n    <span>600 ML<\/span>\n  <\/a>\n\n\n\n\t\t<\/div>\n\t<\/div>\n\n\t\n\n\t<div class=\"col medium-6 small-12 large-6\"  >\n\t\t<div class=\"col-inner text-center\"  >\n\t\t\t\n\t\t\t\n\n\t<div class=\"img has-hover x md-x lg-x y md-y lg-y\" id=\"image_288038126\">\n\t\t\t\t\t\t\t\t<div class=\"img-inner dark\" >\n\t\t\t<img loading=\"lazy\" decoding=\"async\" width=\"800\" height=\"800\" src=\"https:\/\/mrrottos.com\/wp-content\/uploads\/2023\/06\/MR-ROTTOS-TUZ-RUHU-2500-ML-800x800.jpg\" class=\"attachment-large size-large\" alt=\"\" srcset=\"https:\/\/mrrottos.com\/wp-content\/uploads\/2023\/06\/MR-ROTTOS-TUZ-RUHU-2500-ML-800x800.jpg 800w, https:\/\/mrrottos.com\/wp-content\/uploads\/2023\/06\/MR-ROTTOS-TUZ-RUHU-2500-ML-400x400.jpg 400w, https:\/\/mrrottos.com\/wp-content\/uploads\/2023\/06\/MR-ROTTOS-TUZ-RUHU-2500-ML-280x280.jpg 280w, https:\/\/mrrottos.com\/wp-content\/uploads\/2023\/06\/MR-ROTTOS-TUZ-RUHU-2500-ML-768x768.jpg 768w, https:\/\/mrrottos.com\/wp-content\/uploads\/2023\/06\/MR-ROTTOS-TUZ-RUHU-2500-ML-1536x1536.jpg 1536w, https:\/\/mrrottos.com\/wp-content\/uploads\/2023\/06\/MR-ROTTOS-TUZ-RUHU-2500-ML.jpg 1600w\" sizes=\"auto, (max-width: 800px) 100vw, 800px\" \/>\t\t\t\t\t\t\n\t\t\t\t\t<\/div>\n\t\t\t\t\t\t\t\t\n<style scope=\"scope\">\n\n#image_288038126 {\n  width: 100%;\n}\n<\/style>\n\t<\/div>\n\t\n\n<a class=\"button primary\"  >\n    <span>2500 ML<\/span>\n  <\/a>\n\n\n\n\t\t<\/div>\n\t<\/div>\n\n\t\n\n\t<div class=\"col small-12 large-12\"  >\n\t\t<div class=\"col-inner\"  >\n\t\t\t\n\t\t\t\n\n<h4 style=\"text-align: center;\">Tuz Ruhu ; tuvalet ve banyolarda olusan kire\u00e7 birikimini, kararm\u0131s organik kirler ve pas lekelerini kimyasal olarak \u00e7\u00f6zer. Lavabo k\u00fcvet,klozet,fayans vb. y\u00fczeylerin temizliginde y\u00fczeye yayarak d\u00f6k\u00fcn\u00fcz 30-60 saniye sonra bol su ile durulay\u0131n\u0131z.Metal y\u00fczeylerde kullanmay\u0131n\u0131z.Gerekli durumlarda islemi tekrarlay\u0131n\u0131z.<\/h4>\n\n\t\t<\/div>\n\t<\/div>\n\n\t\n\n\n<style scope=\"scope\">\n\n<\/style>\n<\/div>\n\n","protected":false},"excerpt":{"rendered":"","protected":false},"author":1,"featured_media":0,"parent":0,"menu_order":0,"comment_status":"closed","ping_status":"closed","template":"","meta":{"footnotes":""},"class_list":["post-363","page","type-page","status-publish","hentry"],"_links":{"self":[{"href":"https:\/\/mrrottos.com\/index.php?rest_route=\/wp\/v2\/pages\/363","targetHints":{"allow":["GET"]}}],"collection":[{"href":"https:\/\/mrrottos.com\/index.php?rest_route=\/wp\/v2\/pages"}],"about":[{"href":"https:\/\/mrrottos.com\/index.php?rest_route=\/wp\/v2\/types\/page"}],"author":[{"embeddable":true,"href":"https:\/\/mrrottos.com\/index.php?rest_route=\/wp\/v2\/users\/1"}],"replies":[{"embeddable":true,"href":"https:\/\/mrrottos.com\/index.php?rest_route=%2Fwp%2Fv2%2Fcomments&post=363"}],"version-history":[{"count":2,"href":"https:\/\/mrrottos.com\/index.php?rest_route=\/wp\/v2\/pages\/363\/revisions"}],"predecessor-version":[{"id":443,"href":"https:\/\/mrrottos.com\/index.php?rest_route=\/wp\/v2\/pages\/363\/revisions\/443"}],"wp:attachment":[{"href":"https:\/\/mrrottos.com\/index.php?rest_route=%2Fwp%2Fv2%2Fmedia&parent=363"}],"curies":[{"name":"wp","href":"https:\/\/api.w.org\/{rel}","templated":true}]}}